{"id":2756,"date":"2021-10-05T09:09:25","date_gmt":"2021-10-05T08:09:25","guid":{"rendered":"http:\/\/bvat-verband.de\/?page_id=2756"},"modified":"2025-07-31T10:14:11","modified_gmt":"2025-07-31T08:14:11","slug":"impressum-2","status":"publish","type":"page","link":"https:\/\/www.bvat.de\/index.php\/impressum-2\/","title":{"rendered":"Impressum"},"content":{"rendered":"\t\t<div data-elementor-type=\"wp-post\" data-elementor-id=\"2756\" class=\"elementor elementor-2756\" data-elementor-post-type=\"page\">\n\t\t\t\t<div class=\"elementor-element elementor-element-b4d9e0a e-con-full e-flex e-con e-parent\" data-id=\"b4d9e0a\" data-element_type=\"container\" data-e-type=\"container\" data-settings=\"{&quot;background_background&quot;:&quot;classic&quot;}\">\n\t\t<div class=\"elementor-element elementor-element-4ab8269 e-con-full e-flex e-con e-child\" data-id=\"4ab8269\" data-element_type=\"container\" data-e-type=\"container\">\n\t\t\t\t<\/div>\n\t\t\t\t<\/div>\n\t\t<div class=\"elementor-element elementor-element-5b659f9 e-flex e-con-boxed e-con e-parent\" data-id=\"5b659f9\" data-element_type=\"container\" data-e-type=\"container\" data-settings=\"{&quot;background_background&quot;:&quot;classic&quot;}\">\n\t\t\t\t\t<div class=\"e-con-inner\">\n\t\t<div class=\"elementor-element elementor-element-12cfd96 e-con-full e-flex e-con e-child\" data-id=\"12cfd96\" data-element_type=\"container\" data-e-type=\"container\" data-settings=\"{&quot;background_background&quot;:&quot;classic&quot;}\">\n\t\t\t\t<div class=\"elementor-element elementor-element-14c64cb elementor-widget elementor-widget-heading\" data-id=\"14c64cb\" data-element_type=\"widget\" data-e-type=\"widget\" data-widget_type=\"heading.default\">\n\t\t\t\t<div class=\"elementor-widget-container\">\n\t\t\t\t\t<h3 class=\"elementor-heading-title elementor-size-default\">Impressum<\/h3>\t\t\t\t<\/div>\n\t\t\t\t<\/div>\n\t\t<div class=\"elementor-element elementor-element-cee10f9 e-con-full e-flex e-con e-child\" data-id=\"cee10f9\" data-element_type=\"container\" data-e-type=\"container\">\n\t\t<div class=\"elementor-element elementor-element-ac823ae e-con-full e-flex e-con e-child\" data-id=\"ac823ae\" data-element_type=\"container\" data-e-type=\"container\">\n\t\t\t\t<div class=\"elementor-element elementor-element-ea80971 elementor-widget__width-initial elementor-widget elementor-widget-text-editor\" data-id=\"ea80971\" data-element_type=\"widget\" data-e-type=\"widget\" data-widget_type=\"text-editor.default\">\n\t\t\t\t<div class=\"elementor-widget-container\">\n\t\t\t\t\t\t\t\t\t<p>Informationen gem\u00e4\u00df \u00a7 5 TMG<\/p><p>Verantwortlich im Sinne des Presserechts\u201c (v.i.S.d.P.):<\/p><p><strong>Bundesverband Ausbeultechnik und Hagelinstandsetzung e.V.<\/strong><br \/>Haus des Kfz-Gewerbes<br \/>Obentrautstr. 16-18<br \/>10963 Berlin<\/p><p>Telefon : +49 30 680850-80<br \/>eMail: info@bvat.de<\/p><p><strong>Vorstand:<\/strong><br \/>Lars Rottmann, Vorsitzender<br \/>Frank Sch\u00e4fer, 1. stellv. Vorsitzender<br \/>Edgar Jungblut, 2. stellv. Vorsitzender<\/p><p><strong>Gesch\u00e4ftsstelle: <\/strong>Bettina Sch\u00f6n<\/p><p><strong>Registergericht:<\/strong><br \/>Amtsgericht Charlottenburg<br \/>Amtsgerichtsplatz 1<br \/>14057 Berlin<br \/>Vereinsregister-Nr.: VR 29872 B<\/p><p>Steuernummer 27\/620\/51494<br \/>Gl\u00e4ubiger-Indentifikationsnummer DE29ZZZ00000890295<\/p><p>Medien: alle Bilder wurden ordnungsgem\u00e4\u00df bei Adobe Stock lizensiert. Bei R\u00fcckfragen wenden Sie sich gerne direkt an Herrn Wolk (m.wolk@hz-deutschland.de)<\/p><p>Bilderquelle: Adobe Stock<\/p>\t\t\t\t\t\t\t\t<\/div>\n\t\t\t\t<\/div>\n\t\t\t\t<\/div>\n\t\t\t\t<\/div>\n\t\t\t\t<\/div>\n\t\t\t\t\t<\/div>\n\t\t\t\t<\/div>\n\t\t\t\t<\/div>\n\t\t","protected":false},"excerpt":{"rendered":"<p>Impressum Informationen gem\u00e4\u00df \u00a7 5 TMG Verantwortlich im Sinne des Presserechts\u201c (v.i.S.d.P.): Bundesverband Ausbeultechnik und Hagelinstandsetzung e.V.Haus des Kfz-GewerbesObentrautstr. 16-1810963 Berlin Telefon : +49 30 680850-80eMail: info@bvat.de Vorstand:Lars Rottmann, VorsitzenderFrank Sch\u00e4fer, 1. stellv. VorsitzenderEdgar Jungblut, 2. stellv. Vorsitzender Gesch\u00e4ftsstelle: Bettina Sch\u00f6n Registergericht:Amtsgericht CharlottenburgAmtsgerichtsplatz 114057 BerlinVereinsregister-Nr.: VR 29872 B Steuernummer 27\/620\/51494Gl\u00e4ubiger-Indentifikationsnummer DE29ZZZ00000890295 Medien: alle Bilder wurden&hellip;<\/p>\n","protected":false},"author":1,"featured_media":0,"parent":0,"menu_order":0,"comment_status":"closed","ping_status":"closed","template":"elementor_header_footer","meta":{"_seopress_robots_primary_cat":"","_seopress_titles_title":"","_seopress_titles_desc":"","_seopress_robots_index":"","footnotes":""},"class_list":["post-2756","page","type-page","status-publish","hentry"],"_links":{"self":[{"href":"https:\/\/www.bvat.de\/index.php\/wp-json\/wp\/v2\/pages\/2756","targetHints":{"allow":["GET"]}}],"collection":[{"href":"https:\/\/www.bvat.de\/index.php\/wp-json\/wp\/v2\/pages"}],"about":[{"href":"https:\/\/www.bvat.de\/index.php\/wp-json\/wp\/v2\/types\/page"}],"author":[{"embeddable":true,"href":"https:\/\/www.bvat.de\/index.php\/wp-json\/wp\/v2\/users\/1"}],"replies":[{"embeddable":true,"href":"https:\/\/www.bvat.de\/index.php\/wp-json\/wp\/v2\/comments?post=2756"}],"version-history":[{"count":46,"href":"https:\/\/www.bvat.de\/index.php\/wp-json\/wp\/v2\/pages\/2756\/revisions"}],"predecessor-version":[{"id":12891,"href":"https:\/\/www.bvat.de\/index.php\/wp-json\/wp\/v2\/pages\/2756\/revisions\/12891"}],"wp:attachment":[{"href":"https:\/\/www.bvat.de\/index.php\/wp-json\/wp\/v2\/media?parent=2756"}],"curies":[{"name":"wp","href":"https:\/\/api.w.org\/{rel}","templated":true}]}}